{"id":38,"date":"2025-02-06T15:25:42","date_gmt":"2025-02-06T15:25:42","guid":{"rendered":"https:\/\/schokolade-trifft-kunst.de\/a-propos-de-nous\/"},"modified":"2025-02-06T19:59:53","modified_gmt":"2025-02-06T19:59:53","slug":"a-propos-de-nous","status":"publish","type":"page","link":"https:\/\/schokolade-trifft-kunst.de\/ro\/a-propos-de-nous\/","title":{"rendered":"Despre noi"},"content":{"rendered":"<p>Blogul nostru este dedicat tuturor celor care iubesc moda, urm\u0103resc tendin\u021bele \u0219i caut\u0103 inspira\u021bie pentru a-\u0219i afirma stilul. Aici, \u00eemp\u0103rt\u0103\u0219im analize aprofundate ale celor mai recente colec\u021bii, sfaturi vestimentare \u0219i idei pentru a asorta \u021binutele de zi cu zi.<\/p>\n<p><img loading=\"lazy\" decoding=\"async\" class=\"aligncenter wp-image-37 size-full\" src=\"https:\/\/schokolade-trifft-kunst.de\/wp-content\/uploads\/2025\/02\/stilnaya-molodaya-zhenshhina-smotrit-v-kameru.jpg\" alt=\"\" width=\"612\" height=\"408\" srcset=\"https:\/\/schokolade-trifft-kunst.de\/wp-content\/uploads\/2025\/02\/stilnaya-molodaya-zhenshhina-smotrit-v-kameru.jpg 612w, https:\/\/schokolade-trifft-kunst.de\/wp-content\/uploads\/2025\/02\/stilnaya-molodaya-zhenshhina-smotrit-v-kameru-300x200.jpg 300w\" sizes=\"auto, (max-width: 612px) 100vw, 612px\" \/><\/p>\n<h2>Ce ve\u021bi g\u0103si aici<\/h2>\n<ul>\n<li>Articole despre tendin\u021be actuale \u0219i emergente<\/li>\n<li>Ghiduri de stil pentru toate ocaziile<\/li>\n<li>Analiza colec\u021biilor principalelor m\u0103rci<\/li>\n<li>Sfaturi pentru combinarea culorilor \u0219i materialelor<\/li>\n<li>Interviuri \u0219i pove\u0219ti inspira\u021bionale din lumea modei<\/li>\n<\/ul>\n<h2>O surs\u0103 atemporal\u0103 de inspira\u021bie<\/h2>\n<p>Indiferent dac\u0103 e\u0219ti pasionat de streetwear, minimalism sau haute couture, blogul nostru este conceput pentru a te ajuta s\u0103-\u021bi rafinezi stilul \u0219i s\u0103-\u021bi exprimi personalitatea prin haine.<\/p>","protected":false},"excerpt":{"rendered":"<p>Blogul nostru este dedicat tuturor celor care iubesc moda, urm\u0103resc tendin\u021bele \u0219i caut\u0103 inspira\u021bie pentru a-\u0219i exprima stilul. Aici, \u00eemp\u0103rt\u0103\u0219im...<\/p>","protected":false},"author":1,"featured_media":0,"parent":0,"menu_order":0,"comment_status":"closed","ping_status":"closed","template":"","meta":{"_acf_changed":false,"footnotes":""},"class_list":["post-38","page","type-page","status-publish","hentry"],"acf":[],"yoast_head":"<!-- This site is optimized with the Yoast SEO plugin v23.2 - https:\/\/yoast.com\/wordpress\/plugins\/seo\/ -->\n<title>\u00c0 propos de nous - schokolade-trifft-kunst.de<\/title>\n<meta name=\"description\" content=\"Plongez dans l&#039;univers de la mode avec nos articles sur les tendances, le style et les v\u00eatements incontournables du moment.\" \/>\n<meta name=\"robots\" content=\"index, follow, max-snippet:-1, max-image-preview:large, max-video-preview:-1\" \/>\n<link rel=\"canonical\" href=\"https:\/\/schokolade-trifft-kunst.de\/ro\/a-propos-de-nous\/\" \/>\n<meta property=\"og:locale\" content=\"ro_RO\" \/>\n<meta property=\"og:type\" content=\"article\" \/>\n<meta property=\"og:title\" content=\"\u00c0 propos de nous - schokolade-trifft-kunst.de\" \/>\n<meta property=\"og:description\" content=\"Plongez dans l&#039;univers de la mode avec nos articles sur les tendances, le style et les v\u00eatements incontournables du moment.\" \/>\n<meta property=\"og:url\" content=\"https:\/\/schokolade-trifft-kunst.de\/ro\/a-propos-de-nous\/\" \/>\n<meta property=\"og:site_name\" content=\"schokolade-trifft-kunst.de\" \/>\n<meta property=\"article:modified_time\" content=\"2025-02-06T19:59:53+00:00\" \/>\n<meta property=\"og:image\" content=\"https:\/\/schokolade-trifft-kunst.de\/wp-content\/uploads\/2025\/02\/stilnaya-molodaya-zhenshhina-smotrit-v-kameru.jpg\" \/>\n<meta name=\"twitter:card\" content=\"summary_large_image\" \/>\n<meta name=\"twitter:label1\" content=\"Timp estimat pentru citire\" \/>\n\t<meta name=\"twitter:data1\" content=\"2 minute\" \/>\n<script type=\"application\/ld+json\" class=\"yoast-schema-graph\">{\"@context\":\"https:\/\/schema.org\",\"@graph\":[{\"@type\":\"WebPage\",\"@id\":\"https:\/\/schokolade-trifft-kunst.de\/a-propos-de-nous\/\",\"url\":\"https:\/\/schokolade-trifft-kunst.de\/a-propos-de-nous\/\",\"name\":\"\u00c0 propos de nous - schokolade-trifft-kunst.de\",\"isPartOf\":{\"@id\":\"https:\/\/schokolade-trifft-kunst.de\/#website\"},\"primaryImageOfPage\":{\"@id\":\"https:\/\/schokolade-trifft-kunst.de\/a-propos-de-nous\/#primaryimage\"},\"image\":{\"@id\":\"https:\/\/schokolade-trifft-kunst.de\/a-propos-de-nous\/#primaryimage\"},\"thumbnailUrl\":\"https:\/\/schokolade-trifft-kunst.de\/wp-content\/uploads\/2025\/02\/stilnaya-molodaya-zhenshhina-smotrit-v-kameru.jpg\",\"datePublished\":\"2025-02-06T15:25:42+00:00\",\"dateModified\":\"2025-02-06T19:59:53+00:00\",\"description\":\"Plongez dans l'univers de la mode avec nos articles sur les tendances, le style et les v\u00eatements incontournables du moment.\",\"breadcrumb\":{\"@id\":\"https:\/\/schokolade-trifft-kunst.de\/a-propos-de-nous\/#breadcrumb\"},\"inLanguage\":\"ro-RO\",\"potentialAction\":[{\"@type\":\"ReadAction\",\"target\":[\"https:\/\/schokolade-trifft-kunst.de\/a-propos-de-nous\/\"]}]},{\"@type\":\"ImageObject\",\"inLanguage\":\"ro-RO\",\"@id\":\"https:\/\/schokolade-trifft-kunst.de\/a-propos-de-nous\/#primaryimage\",\"url\":\"https:\/\/schokolade-trifft-kunst.de\/wp-content\/uploads\/2025\/02\/stilnaya-molodaya-zhenshhina-smotrit-v-kameru.jpg\",\"contentUrl\":\"https:\/\/schokolade-trifft-kunst.de\/wp-content\/uploads\/2025\/02\/stilnaya-molodaya-zhenshhina-smotrit-v-kameru.jpg\"},{\"@type\":\"BreadcrumbList\",\"@id\":\"https:\/\/schokolade-trifft-kunst.de\/a-propos-de-nous\/#breadcrumb\",\"itemListElement\":[{\"@type\":\"ListItem\",\"position\":1,\"name\":\"Home\",\"item\":\"https:\/\/schokolade-trifft-kunst.de\/\"},{\"@type\":\"ListItem\",\"position\":2,\"name\":\"\u00c0 propos de nous\"}]},{\"@type\":\"WebSite\",\"@id\":\"https:\/\/schokolade-trifft-kunst.de\/#website\",\"url\":\"https:\/\/schokolade-trifft-kunst.de\/\",\"name\":\"schokolade-trifft-kunst.de\",\"description\":\"Votre Mode, Votre Style | Adoptez un look tendance gr\u00e2ce \u00e0 nos conseils\",\"potentialAction\":[{\"@type\":\"SearchAction\",\"target\":{\"@type\":\"EntryPoint\",\"urlTemplate\":\"https:\/\/schokolade-trifft-kunst.de\/?s={search_term_string}\"},\"query-input\":\"required name=search_term_string\"}],\"inLanguage\":\"ro-RO\"}]}<\/script>\n<!-- \/ Yoast SEO plugin. -->","yoast_head_json":{"title":"\u00c0 propos de nous - schokolade-trifft-kunst.de","description":"Plongez dans l'univers de la mode avec nos articles sur les tendances, le style et les v\u00eatements incontournables du moment.","robots":{"index":"index","follow":"follow","max-snippet":"max-snippet:-1","max-image-preview":"max-image-preview:large","max-video-preview":"max-video-preview:-1"},"canonical":"https:\/\/schokolade-trifft-kunst.de\/ro\/a-propos-de-nous\/","og_locale":"ro_RO","og_type":"article","og_title":"\u00c0 propos de nous - schokolade-trifft-kunst.de","og_description":"Plongez dans l'univers de la mode avec nos articles sur les tendances, le style et les v\u00eatements incontournables du moment.","og_url":"https:\/\/schokolade-trifft-kunst.de\/ro\/a-propos-de-nous\/","og_site_name":"schokolade-trifft-kunst.de","article_modified_time":"2025-02-06T19:59:53+00:00","og_image":[{"url":"https:\/\/schokolade-trifft-kunst.de\/wp-content\/uploads\/2025\/02\/stilnaya-molodaya-zhenshhina-smotrit-v-kameru.jpg"}],"twitter_card":"summary_large_image","twitter_misc":{"Timp estimat pentru citire":"2 minute"},"schema":{"@context":"https:\/\/schema.org","@graph":[{"@type":"WebPage","@id":"https:\/\/schokolade-trifft-kunst.de\/a-propos-de-nous\/","url":"https:\/\/schokolade-trifft-kunst.de\/a-propos-de-nous\/","name":"\u00c0 propos de nous - schokolade-trifft-kunst.de","isPartOf":{"@id":"https:\/\/schokolade-trifft-kunst.de\/#website"},"primaryImageOfPage":{"@id":"https:\/\/schokolade-trifft-kunst.de\/a-propos-de-nous\/#primaryimage"},"image":{"@id":"https:\/\/schokolade-trifft-kunst.de\/a-propos-de-nous\/#primaryimage"},"thumbnailUrl":"https:\/\/schokolade-trifft-kunst.de\/wp-content\/uploads\/2025\/02\/stilnaya-molodaya-zhenshhina-smotrit-v-kameru.jpg","datePublished":"2025-02-06T15:25:42+00:00","dateModified":"2025-02-06T19:59:53+00:00","description":"Plongez dans l'univers de la mode avec nos articles sur les tendances, le style et les v\u00eatements incontournables du moment.","breadcrumb":{"@id":"https:\/\/schokolade-trifft-kunst.de\/a-propos-de-nous\/#breadcrumb"},"inLanguage":"ro-RO","potentialAction":[{"@type":"ReadAction","target":["https:\/\/schokolade-trifft-kunst.de\/a-propos-de-nous\/"]}]},{"@type":"ImageObject","inLanguage":"ro-RO","@id":"https:\/\/schokolade-trifft-kunst.de\/a-propos-de-nous\/#primaryimage","url":"https:\/\/schokolade-trifft-kunst.de\/wp-content\/uploads\/2025\/02\/stilnaya-molodaya-zhenshhina-smotrit-v-kameru.jpg","contentUrl":"https:\/\/schokolade-trifft-kunst.de\/wp-content\/uploads\/2025\/02\/stilnaya-molodaya-zhenshhina-smotrit-v-kameru.jpg"},{"@type":"BreadcrumbList","@id":"https:\/\/schokolade-trifft-kunst.de\/a-propos-de-nous\/#breadcrumb","itemListElement":[{"@type":"ListItem","position":1,"name":"Home","item":"https:\/\/schokolade-trifft-kunst.de\/"},{"@type":"ListItem","position":2,"name":"\u00c0 propos de nous"}]},{"@type":"WebSite","@id":"https:\/\/schokolade-trifft-kunst.de\/#website","url":"https:\/\/schokolade-trifft-kunst.de\/","name":"schokolade-trifft-kunst.de","description":"Votre Mode, Votre Style | Adoptez un look tendance gr\u00e2ce \u00e0 nos conseils","potentialAction":[{"@type":"SearchAction","target":{"@type":"EntryPoint","urlTemplate":"https:\/\/schokolade-trifft-kunst.de\/?s={search_term_string}"},"query-input":"required name=search_term_string"}],"inLanguage":"ro-RO"}]}},"yoast_meta":{"yoast_wpseo_title":"","yoast_wpseo_metadesc":"","yoast_wpseo_canonical":"https:\/\/schokolade-trifft-kunst.de\/ro\/wp-json\/wp\/v2\/pages\/38"},"_links":{"self":[{"href":"https:\/\/schokolade-trifft-kunst.de\/ro\/wp-json\/wp\/v2\/pages\/38","targetHints":{"allow":["GET"]}}],"collection":[{"href":"https:\/\/schokolade-trifft-kunst.de\/ro\/wp-json\/wp\/v2\/pages"}],"about":[{"href":"https:\/\/schokolade-trifft-kunst.de\/ro\/wp-json\/wp\/v2\/types\/page"}],"author":[{"embeddable":true,"href":"https:\/\/schokolade-trifft-kunst.de\/ro\/wp-json\/wp\/v2\/users\/1"}],"replies":[{"embeddable":true,"href":"https:\/\/schokolade-trifft-kunst.de\/ro\/wp-json\/wp\/v2\/comments?post=38"}],"version-history":[{"count":1,"href":"https:\/\/schokolade-trifft-kunst.de\/ro\/wp-json\/wp\/v2\/pages\/38\/revisions"}],"predecessor-version":[{"id":46,"href":"https:\/\/schokolade-trifft-kunst.de\/ro\/wp-json\/wp\/v2\/pages\/38\/revisions\/46"}],"wp:attachment":[{"href":"https:\/\/schokolade-trifft-kunst.de\/ro\/wp-json\/wp\/v2\/media?parent=38"}],"curies":[{"name":"wp","href":"https:\/\/api.w.org\/{rel}","templated":true}]}}