{"id":39,"date":"2025-02-06T15:26:10","date_gmt":"2025-02-06T15:26:10","guid":{"rendered":"https:\/\/schokolade-trifft-kunst.de\/contacts\/"},"modified":"2025-02-06T15:26:10","modified_gmt":"2025-02-06T15:26:10","slug":"contacts","status":"publish","type":"page","link":"https:\/\/schokolade-trifft-kunst.de\/ro\/contacts\/","title":{"rendered":"Contacte"},"content":{"rendered":"<p>Vom fi \u00eenc\u00e2nta\u021bi s\u0103 r\u0103spundem la orice \u00eentreb\u0103ri sau sugestii pe care le ave\u021bi cu privire la articolele \u0219i crea\u021biile noastre de mod\u0103. Dac\u0103 ave\u021bi solicit\u0103ri sau nel\u0103muriri speciale, v\u0103 rug\u0103m s\u0103 ne contacta\u021bi prin e-mail. Echipa noastr\u0103 este disponibil\u0103 s\u0103 v\u0103 ajute c\u00e2t mai repede posibil.<\/p>\n<h2>Trimite\u021bi-ne un mesaj<\/h2>\n<p>Dac\u0103 ave\u021bi o \u00eentrebare sau o sugestie, v\u0103 rug\u0103m s\u0103 completa\u021bi formularul de mai jos \u0219i v\u0103 vom r\u0103spunde c\u00e2t mai cur\u00e2nd posibil!<\/p>\n<form action=\"mailto:contact@schokolade-trifft-kunst.de\" method=\"POST\" enctype=\"text\/plain\" data-trp-original-action=\"mailto:contact@schokolade-trifft-kunst.de\">\n      <label for=\"name\">Numele dumneavoastr\u0103:<\/label><br \/>\n      <input type=\"text\" id=\"name\" name=\"name\" required><\/p>\n<p>      <label for=\"email\">Adresa dvs. de e-mail:<\/label><br \/>\n      <input type=\"email\" id=\"email\" name=\"email\" required><\/p>\n<p>      <label for=\"message\">Mesajul dvs:<\/label><br \/>\n      <textarea id=\"message\" name=\"message\" rows=\"4\" cols=\"50\" required><\/textarea><\/p>\n<p>      <button type=\"submit\">Trimite<\/button><br \/>\n    <input type=\"hidden\" name=\"trp-form-language\" value=\"ro\"\/><\/form>","protected":false},"excerpt":{"rendered":"<p>Vom fi bucuro\u0219i s\u0103 r\u0103spundem la orice \u00eentreb\u0103ri sau sugestii pe care le ave\u021bi cu privire la articolele \u0219i crea\u021biile noastre de mod\u0103. Dac\u0103 ave\u021bi solicit\u0103ri speciale sau...<\/p>","protected":false},"author":1,"featured_media":0,"parent":0,"menu_order":0,"comment_status":"closed","ping_status":"closed","template":"","meta":{"_acf_changed":false,"footnotes":""},"class_list":["post-39","page","type-page","status-publish","hentry"],"acf":[],"yoast_head":"<!-- This site is optimized with the Yoast SEO plugin v23.2 - https:\/\/yoast.com\/wordpress\/plugins\/seo\/ -->\n<title>Contacts - schokolade-trifft-kunst.de<\/title>\n<meta name=\"robots\" content=\"index, follow, max-snippet:-1, max-image-preview:large, max-video-preview:-1\" \/>\n<link rel=\"canonical\" href=\"https:\/\/schokolade-trifft-kunst.de\/ro\/contacts\/\" \/>\n<meta property=\"og:locale\" content=\"ro_RO\" \/>\n<meta property=\"og:type\" content=\"article\" \/>\n<meta property=\"og:title\" content=\"Contacts - schokolade-trifft-kunst.de\" \/>\n<meta property=\"og:description\" content=\"Nous serions ravis de r\u00e9pondre \u00e0 toutes vos questions et suggestions concernant nos articles de mode et cr\u00e9ations. Si vous avez des demandes particuli\u00e8res ou des&#046;&#046;&#046;\" \/>\n<meta property=\"og:url\" content=\"https:\/\/schokolade-trifft-kunst.de\/ro\/contacts\/\" \/>\n<meta property=\"og:site_name\" content=\"schokolade-trifft-kunst.de\" \/>\n<meta name=\"twitter:card\" content=\"summary_large_image\" \/>\n<script type=\"application\/ld+json\" class=\"yoast-schema-graph\">{\"@context\":\"https:\/\/schema.org\",\"@graph\":[{\"@type\":\"WebPage\",\"@id\":\"https:\/\/schokolade-trifft-kunst.de\/contacts\/\",\"url\":\"https:\/\/schokolade-trifft-kunst.de\/contacts\/\",\"name\":\"Contacts - schokolade-trifft-kunst.de\",\"isPartOf\":{\"@id\":\"https:\/\/schokolade-trifft-kunst.de\/#website\"},\"datePublished\":\"2025-02-06T15:26:10+00:00\",\"dateModified\":\"2025-02-06T15:26:10+00:00\",\"breadcrumb\":{\"@id\":\"https:\/\/schokolade-trifft-kunst.de\/contacts\/#breadcrumb\"},\"inLanguage\":\"ro-RO\",\"potentialAction\":[{\"@type\":\"ReadAction\",\"target\":[\"https:\/\/schokolade-trifft-kunst.de\/contacts\/\"]}]},{\"@type\":\"BreadcrumbList\",\"@id\":\"https:\/\/schokolade-trifft-kunst.de\/contacts\/#breadcrumb\",\"itemListElement\":[{\"@type\":\"ListItem\",\"position\":1,\"name\":\"Home\",\"item\":\"https:\/\/schokolade-trifft-kunst.de\/\"},{\"@type\":\"ListItem\",\"position\":2,\"name\":\"Contacts\"}]},{\"@type\":\"WebSite\",\"@id\":\"https:\/\/schokolade-trifft-kunst.de\/#website\",\"url\":\"https:\/\/schokolade-trifft-kunst.de\/\",\"name\":\"schokolade-trifft-kunst.de\",\"description\":\"Votre Mode, Votre Style | Adoptez un look tendance gr\u00e2ce \u00e0 nos conseils\",\"potentialAction\":[{\"@type\":\"SearchAction\",\"target\":{\"@type\":\"EntryPoint\",\"urlTemplate\":\"https:\/\/schokolade-trifft-kunst.de\/?s={search_term_string}\"},\"query-input\":\"required name=search_term_string\"}],\"inLanguage\":\"ro-RO\"}]}<\/script>\n<!-- \/ Yoast SEO plugin. -->","yoast_head_json":{"title":"Contacts - schokolade-trifft-kunst.de","robots":{"index":"index","follow":"follow","max-snippet":"max-snippet:-1","max-image-preview":"max-image-preview:large","max-video-preview":"max-video-preview:-1"},"canonical":"https:\/\/schokolade-trifft-kunst.de\/ro\/contacts\/","og_locale":"ro_RO","og_type":"article","og_title":"Contacts - schokolade-trifft-kunst.de","og_description":"Nous serions ravis de r\u00e9pondre \u00e0 toutes vos questions et suggestions concernant nos articles de mode et cr\u00e9ations. Si vous avez des demandes particuli\u00e8res ou des&#46;&#46;&#46;","og_url":"https:\/\/schokolade-trifft-kunst.de\/ro\/contacts\/","og_site_name":"schokolade-trifft-kunst.de","twitter_card":"summary_large_image","schema":{"@context":"https:\/\/schema.org","@graph":[{"@type":"WebPage","@id":"https:\/\/schokolade-trifft-kunst.de\/contacts\/","url":"https:\/\/schokolade-trifft-kunst.de\/contacts\/","name":"Contacts - schokolade-trifft-kunst.de","isPartOf":{"@id":"https:\/\/schokolade-trifft-kunst.de\/#website"},"datePublished":"2025-02-06T15:26:10+00:00","dateModified":"2025-02-06T15:26:10+00:00","breadcrumb":{"@id":"https:\/\/schokolade-trifft-kunst.de\/contacts\/#breadcrumb"},"inLanguage":"ro-RO","potentialAction":[{"@type":"ReadAction","target":["https:\/\/schokolade-trifft-kunst.de\/contacts\/"]}]},{"@type":"BreadcrumbList","@id":"https:\/\/schokolade-trifft-kunst.de\/contacts\/#breadcrumb","itemListElement":[{"@type":"ListItem","position":1,"name":"Home","item":"https:\/\/schokolade-trifft-kunst.de\/"},{"@type":"ListItem","position":2,"name":"Contacts"}]},{"@type":"WebSite","@id":"https:\/\/schokolade-trifft-kunst.de\/#website","url":"https:\/\/schokolade-trifft-kunst.de\/","name":"schokolade-trifft-kunst.de","description":"Votre Mode, Votre Style | Adoptez un look tendance gr\u00e2ce \u00e0 nos conseils","potentialAction":[{"@type":"SearchAction","target":{"@type":"EntryPoint","urlTemplate":"https:\/\/schokolade-trifft-kunst.de\/?s={search_term_string}"},"query-input":"required name=search_term_string"}],"inLanguage":"ro-RO"}]}},"yoast_meta":{"yoast_wpseo_title":"","yoast_wpseo_metadesc":"","yoast_wpseo_canonical":"https:\/\/schokolade-trifft-kunst.de\/ro\/wp-json\/wp\/v2\/pages\/39"},"_links":{"self":[{"href":"https:\/\/schokolade-trifft-kunst.de\/ro\/wp-json\/wp\/v2\/pages\/39","targetHints":{"allow":["GET"]}}],"collection":[{"href":"https:\/\/schokolade-trifft-kunst.de\/ro\/wp-json\/wp\/v2\/pages"}],"about":[{"href":"https:\/\/schokolade-trifft-kunst.de\/ro\/wp-json\/wp\/v2\/types\/page"}],"author":[{"embeddable":true,"href":"https:\/\/schokolade-trifft-kunst.de\/ro\/wp-json\/wp\/v2\/users\/1"}],"replies":[{"embeddable":true,"href":"https:\/\/schokolade-trifft-kunst.de\/ro\/wp-json\/wp\/v2\/comments?post=39"}],"version-history":[{"count":0,"href":"https:\/\/schokolade-trifft-kunst.de\/ro\/wp-json\/wp\/v2\/pages\/39\/revisions"}],"wp:attachment":[{"href":"https:\/\/schokolade-trifft-kunst.de\/ro\/wp-json\/wp\/v2\/media?parent=39"}],"curies":[{"name":"wp","href":"https:\/\/api.w.org\/{rel}","templated":true}]}}